{"id":9026,"date":"2016-12-30T12:50:24","date_gmt":"2016-12-30T11:50:24","guid":{"rendered":"http:\/\/www.agitoergosum.com\/?page_id=9026"},"modified":"2017-07-15T19:37:10","modified_gmt":"2017-07-15T18:37:10","slug":"memento","status":"publish","type":"page","link":"https:\/\/www.agitoergosum.com\/?page_id=9026","title":{"rendered":"Memento"},"content":{"rendered":"<div>\n<p>&nbsp;<\/p>\n<h2 style=\"text-align: center;\"><strong><span style=\"color: #800000;\">AH\u0130R ZAMAN PEYGAMBERLER\u0130<\/span><\/strong><\/h2>\n<p>&nbsp;<\/p>\n<p style=\"text-align: justify;\"><span style=\"color: #800000;\">Y\u0131llar \u00f6nce, Heraklia-Kap\u0131k\u0131r\u0131 k\u00f6y\u00fcnde, Bafa g\u00f6l\u00fc kenar\u0131nda bir pansiyon, bir k\u0131\u015f ka\u00e7ama\u011f\u0131. Hava so\u011fuk oldu\u011fu i\u00e7in pek kimse yok ortal\u0131kta k\u00f6y\u00fcn yerlilerinden ba\u015fka.<\/span><\/p>\n<p style=\"text-align: justify;\"><span style=\"color: #800000;\">Pansiyon muhtar\u0131n, bizim k\u00fc\u00e7\u00fck grubumuz d\u0131\u015f\u0131nda kalan bir m\u00fc\u015fteri daha var. Yuvarlak g\u00f6zl\u00fckleri, ke\u00e7e yele\u011fi, kilim heybesi, heybeden ucu sarkan Cumhuriyet gazetesiyle yans\u0131tt\u0131\u011f\u0131 g\u00f6r\u00fcnt\u00fc nedeniyle, \u015faka yollu\u00a0<em>\u201ck\u00f6y\u00fcn enteli\u201c<\/em> nitelemesini yak\u0131\u015ft\u0131rd\u0131\u011f\u0131m\u0131z gen\u00e7 bir adam. Sabah kahvalt\u0131dan sonra \u00e7\u0131k\u0131yor ve do\u011fada uzun y\u00fcr\u00fcy\u00fc\u015fler yap\u0131yor.<\/span><\/p>\n<p style=\"text-align: justify;\"><span style=\"color: #800000;\">Ak\u015fam karanl\u0131\u011f\u0131 ve so\u011fuk nedeniyle herkesin i\u00e7erde, yemek salonunda topland\u0131\u011f\u0131 gecelerden birinde yeni bir m\u00fc\u015fterinin daha varl\u0131\u011f\u0131n\u0131 fark ediyoruz \u00f6nce.\u00a0 Az \u00f6temizdeki bir masada muhtar, yeni m\u00fc\u015fteri ve k\u00f6y\u00fcn enteli birlikte oturuyorlar. \u0130\u00e7erinin s\u0131cakl\u0131\u011f\u0131 ve i\u00e7kilerin etkisi herkesi gev\u015fetmi\u015f haliyle, muhabbetler derinle\u015fmi\u015f ister istemez. Bir ara yan masadaki konu\u015fmalara kulak kesiliyoruz. S\u00f6zle\u015fmi\u015f gibi aniden susup yan masay\u0131 dinliyoruz aleni.<\/span><\/p>\n<p><span style=\"color: #800000;\">Yeni m\u00fc\u015fteri i\u00e7ini d\u00f6k\u00fcyor \u00f6tekilere:<\/span><\/p>\n<p style=\"padding-left: 30px; text-align: justify;\"><span style=\"color: #800000;\">&#8211;<em>Kafam\u0131 dinlemeye geldim birka\u00e7 g\u00fcn.. E\u015fimle sorunlar\u0131m var. Bo\u015fanmay\u0131 da akl\u0131mdan ge\u00e7irdim ama\u2026<\/em><\/span><\/p>\n<p style=\"text-align: justify;\"><span style=\"color: #800000;\">Sessizli\u011fin i\u00e7inde yank\u0131lanan davudi bir ses konu\u015fmas\u0131n\u0131 b\u00f6l\u00fcyor. Entel yak\u0131\u015ft\u0131rmas\u0131yla\u00a0<em>\u201cti\u201c<\/em>ye ald\u0131\u011f\u0131m\u0131z o gen\u00e7 adam bir peygamber edas\u0131yla yukar\u0131 kald\u0131rd\u0131\u011f\u0131 kolunu havay\u0131 kesen bir k\u0131l\u0131\u00e7 gibi indirirken bir fetva savuruyor pansiyon cemaatine:<\/span><\/p>\n<p style=\"padding-left: 30px;\"><span style=\"color: #800000;\"><em>&#8211; Bo\u015faaaan\u2026..<\/em><em> Akl\u0131na geldiyse, bekleme\u2026 BO\u015eAAAN<\/em><\/span><\/p>\n<p style=\"text-align: center;\"><span style=\"color: #800000;\"><em> <\/em>\u2666\u2666\u2666\u2666\u2666\u2666<\/span><\/p>\n<p style=\"text-align: center;\"><span style=\"color: #800000;\"><br \/>\n<\/span><\/p>\n<p style=\"text-align: justify;\"><span style=\"color: #800000;\">\u0130zmir\u2019de bir yaz sabah\u0131, tan yeri yeni a\u011farm\u0131\u015f kordon boyunda, deniz kenar\u0131nda y\u00fcr\u00fcyorum. Y\u00fcr\u00fcy\u00fc\u015f parkurunun az \u00f6tesinde, bir a\u011fa\u00e7 alt\u0131nda \u00fc\u00e7 adam yat\u0131yor.<\/span><\/p>\n<p style=\"text-align: justify;\"><span style=\"color: #800000;\">Belli, \u00a0s\u0131cak yaz gecesini a\u00e7\u0131k havada, \u00e7ak\u0131rkeyif ge\u00e7irmi\u015fler ve ak\u015famdan kalm\u0131\u015flar. \u00d6te yandan evsiz ve yaz\u0131n nimetlerinden yararlanan \u00fc\u00e7 berdu\u015f olmalar\u0131 da ihtimal dahilinde.<\/span><\/p>\n<p style=\"text-align: justify;\"><span style=\"color: #800000;\">Bir tanesinin kafas\u0131nda bir havlu, bir hint fakirinin t\u00fcrban\u0131 gibi \u015fekilli sar\u0131lm\u0131\u015f. Kendi aralar\u0131nda konu\u015fuyorlar umars\u0131z. Fakat yanlar\u0131ndan ge\u00e7ip giderken kula\u011f\u0131ma \u00e7al\u0131nan o uhrevi ses, hint fakirinin a\u011fz\u0131ndan d\u00f6k\u00fclen kelimeler sanki bir vahiy:<\/span><\/p>\n<p style=\"padding-left: 30px;\"><span style=\"color: #800000;\">&#8211;\u00a0<em><em>Say\u0131n abonemiz\u2026. paran\u0131z varrrsa\u2026. Y\u0130Y\u0130N\u0130Z!<\/em><\/em><\/span><\/p>\n<p style=\"padding-left: 30px;\"><span style=\"color: #800000;\"><em><em><br \/>\n<\/em><\/em><\/span><\/p>\n<p style=\"text-align: center;\"><span style=\"color: #800000;\">\u2666\u2666\u2666\u2666\u2666\u2666<\/span><\/p>\n<p style=\"text-align: center;\"><span style=\"color: #800000;\"><br \/>\n<\/span><\/p>\n<div style=\"text-align: justify;\"><span style=\"color: #800000;\">\u0130zmir-Ankara karayolunda zorunlu bir mola. \u00a0Kula\u2019ya be\u015f dakika mesafede Sandal kasabas\u0131nda durduk. \u0130\u015fi olan indi, biz bekliyoruz ara\u00e7 i\u00e7inde.<\/span><\/div>\n<p style=\"text-align: justify;\"><span style=\"color: #800000;\">S\u00fcr\u00fcc\u00fc penceresinin cam\u0131n\u0131 t\u0131klatt\u0131 bir el. A\u00e7t\u0131k, kasaban\u0131n yerlisi bir teyze, o bildik Ege \u015fivesiyle sordu:<\/span><\/p>\n<p style=\"padding-left: 30px;\"><span style=\"color: #800000;\">&#8211;\u00a0<em>Nap\u0131yonuz burada, ne bekliyonuz bakem?<\/em><\/span><\/p>\n<p style=\"text-align: justify;\"><span style=\"color: #800000;\">Seyahatimiz ve molam\u0131z hakk\u0131nda tatmin edici bilgiyi ald\u0131ktan sonra dayad\u0131 bir kolunu arac\u0131n tavan\u0131na, a\u00e7\u0131k pencereden hali ahvalini anlatmaya ba\u015flad\u0131.<\/span><\/p>\n<p style=\"text-align: justify;\"><span style=\"color: #800000;\">Ka\u00e7 \u00e7ocu\u011fu var, k\u0131z nerede, o\u011flan ne yap\u0131yor. B\u00fcy\u00fck o\u011flan neden bo\u015fand\u0131, torunlar ka\u00e7 ya\u015f\u0131nda, hepsini sayd\u0131 d\u00f6kt\u00fc bir bir.<\/span><\/p>\n<p style=\"text-align: justify;\"><span style=\"color: #800000;\">Yola \u00e7\u0131kma zaman\u0131m\u0131z gelip de ayr\u0131laca\u011f\u0131m\u0131z s\u0131rada, u\u011furlama fasl\u0131n\u0131n ard\u0131ndan y\u00fcz\u00fcnde bilge bir \u015faman ifadesi, bir ayet s\u00fcz\u00fcld\u00fc dudaklar\u0131n\u0131n aras\u0131ndan:<\/span><\/p>\n<p style=\"padding-left: 30px;\"><span style=\"color: #800000;\"><em>-Unutma\u2026Her g\u00fcn\u00fcn be\u015fi bi yerde\u2026<\/em><\/span><\/p>\n<p>&nbsp;<\/p>\n<p><strong><br \/>\n<\/strong><\/p>\n<p>&nbsp;<\/p>\n<p>\u009a\u009b<\/p>\n<\/div>\n<p>&nbsp;<\/p>\n","protected":false},"excerpt":{"rendered":"<p>&nbsp; AH\u0130R ZAMAN PEYGAMBERLER\u0130 &nbsp; Y\u0131llar \u00f6nce, Heraklia-Kap\u0131k\u0131r\u0131 k\u00f6y\u00fcnde, Bafa g\u00f6l\u00fc kenar\u0131nda bir pansiyon, bir k\u0131\u015f ka\u00e7ama\u011f\u0131. Hava so\u011fuk oldu\u011fu i\u00e7in pek kimse yok ortal\u0131kta k\u00f6y\u00fcn yerlilerinden ba\u015fka. Pansiyon muhtar\u0131n, bizim k\u00fc\u00e7\u00fck grubumuz d\u0131\u015f\u0131nda kalan bir m\u00fc\u015fteri daha var. Yuvarlak g\u00f6zl\u00fckleri, ke\u00e7e yele\u011fi, kilim heybesi, heybeden ucu sarkan Cumhuriyet gazetesiyle yans\u0131tt\u0131\u011f\u0131 g\u00f6r\u00fcnt\u00fc nedeniyle, \u015faka yollu\u00a0\u201ck\u00f6y\u00fcn [&hellip;]<\/p>\n","protected":false},"author":1,"featured_media":0,"parent":0,"menu_order":0,"comment_status":"open","ping_status":"open","template":"","meta":{"footnotes":""},"class_list":["post-9026","page","type-page","status-publish","hentry"],"_links":{"self":[{"href":"https:\/\/www.agitoergosum.com\/index.php?rest_route=\/wp\/v2\/pages\/9026","targetHints":{"allow":["GET"]}}],"collection":[{"href":"https:\/\/www.agitoergosum.com\/index.php?rest_route=\/wp\/v2\/pages"}],"about":[{"href":"https:\/\/www.agitoergosum.com\/index.php?rest_route=\/wp\/v2\/types\/page"}],"author":[{"embeddable":true,"href":"https:\/\/www.agitoergosum.com\/index.php?rest_route=\/wp\/v2\/users\/1"}],"replies":[{"embeddable":true,"href":"https:\/\/www.agitoergosum.com\/index.php?rest_route=%2Fwp%2Fv2%2Fcomments&post=9026"}],"version-history":[{"count":12,"href":"https:\/\/www.agitoergosum.com\/index.php?rest_route=\/wp\/v2\/pages\/9026\/revisions"}],"predecessor-version":[{"id":9074,"href":"https:\/\/www.agitoergosum.com\/index.php?rest_route=\/wp\/v2\/pages\/9026\/revisions\/9074"}],"wp:attachment":[{"href":"https:\/\/www.agitoergosum.com\/index.php?rest_route=%2Fwp%2Fv2%2Fmedia&parent=9026"}],"curies":[{"name":"wp","href":"https:\/\/api.w.org\/{rel}","templated":true}]}}